{"id":1105,"date":"2017-09-15T03:22:38","date_gmt":"2017-09-15T03:22:38","guid":{"rendered":"http:\/\/www.tipard.de\/blog\/?page_id=1105"},"modified":"2017-09-15T03:22:38","modified_gmt":"2017-09-15T03:22:38","slug":"wie-man-fotos-von-einem-ipad-loescht","status":"publish","type":"page","link":"https:\/\/www.tipard.de\/blog\/wie-man-fotos-von-einem-ipad-loescht\/","title":{"rendered":"Wie man Fotos von einem iPad l\u00f6scht"},"content":{"rendered":"<p><img loading=\"lazy\" decoding=\"async\" src=\"http:\/\/www.tipard.de\/blog\/wp-content\/uploads\/2017\/09\/delete-photos-from-ipad.jpg\" alt=\"\" width=\"600\" height=\"338\" class=\"alignnone size-full wp-image-1103\" srcset=\"https:\/\/www.tipard.de\/blog\/wp-content\/uploads\/2017\/09\/delete-photos-from-ipad.jpg 600w, https:\/\/www.tipard.de\/blog\/wp-content\/uploads\/2017\/09\/delete-photos-from-ipad-300x169.jpg 300w\" sizes=\"auto, (max-width: 600px) 100vw, 600px\" \/><br \/>\nDie iPad Fotos sind mittlerweile vergleichbar mit Fotos von Digitalkameras. Mit dem iPad haben Sie sogar noch tolle Vorschaufunktionen. Wenn Sie jedoch viele Fotos auf Ihrem iPad haben, m\u00fcssen Sie wahrscheinlich immer wieder welche l\u00f6schen, um Speicherplatz freizumachen. Wenn Sie die Fotos von Ihrem iPhone\/iPad mit Ihrem Mac oder der iCloud synchronisiert haben, k\u00f6nnen Sie sie von Ihrem Ger\u00e4t l\u00f6schen. Hier werden Ihnen drei Methoden erkl\u00e4rt, wie das funktioniert. Lernen Sie mehr dar\u00fcber, wie man Fotos von einem iPad l\u00f6scht.<\/p>\n<p>Teil 1: Fotos direkt vom iPad l\u00f6schen<br \/>\nTeil 2: Bilder auf dem iPad mit iTunes l\u00f6schen<br \/>\nTeil 3: Mit iPhone Eraser Bilder vom iPad entfernen<\/p>\n<h2>Teil 1. Fotos direkt vom iPad l\u00f6schen<\/h2>\n<p>Egal ob Sie die Bilder mit Ihrem iPad aufgenommen, oder online auf Ihr iPad geladen haben, Sie werden sie alle in der Fotos App finden. Auch wenn Sie Bilder oder Videos mit einer App erstellen, werden diese in der Fotos App gespeichert und k\u00f6nnen auch dort gel\u00f6scht werden. Der Prozess ist f\u00fcr die meisten von uns sicher einfach, jedoch gibt es ein paar Tipp und Tricks, die gut zu wissen sind. Erfahren Sie nun mehr dar\u00fcber.<br \/>\n<img loading=\"lazy\" decoding=\"async\" src=\"http:\/\/www.tipard.de\/blog\/wp-content\/uploads\/2017\/09\/delete-photos-from-ipad-directly.jpg\" alt=\"\" width=\"600\" height=\"350\" class=\"alignnone size-full wp-image-1104\" srcset=\"https:\/\/www.tipard.de\/blog\/wp-content\/uploads\/2017\/09\/delete-photos-from-ipad-directly.jpg 600w, https:\/\/www.tipard.de\/blog\/wp-content\/uploads\/2017\/09\/delete-photos-from-ipad-directly-300x175.jpg 300w\" sizes=\"auto, (max-width: 600px) 100vw, 600px\" \/><br \/>\n1.\t\u00d6ffnen Sie die Fotos App auf dem Homescreen Ihres iPads. Egal ob die Fotos mit der Kamera aufgenommen, oder online heruntergeladen wurden, Sie finden sie dort.<br \/>\n2.\tSuchen Sie nach den Fotos, die Sie l\u00f6schen m\u00f6chten. Durchsuchen Sie die Liste der Alben und \u00f6ffnen Sie das Album, in dem die Fotos gespeichert sind.<br \/>\n3.\tDann k\u00f6nnen Sie jedes Bild einzeln von Ihrem iPhone l\u00f6schen, indem Sie auf den Papierkorb klicken. Best\u00e4tigen Sie dies in dem Fenster und Ihr Foto wird direkt in dem Album f\u00fcr gel\u00f6schte Bilder sein.<br \/>\n4.\tHaben Sie einmal die Fotos von Ihrem iPad aus der Fotos App gel\u00f6scht, k\u00f6nnen Sie sie immer noch aus dem Album der gel\u00f6schten Fotos wiederherstellen. Aus diesem Album k\u00f6nnen Sie sie nat\u00fcrlich auch permanent l\u00f6schen.<\/p>\n<p>Wenn Sie mehrere Dateien gleichzeitig ausw\u00e4hlen, k\u00f6nnen Sie auch mehrere Fotos von Ihrem iPad l\u00f6schen. Daf\u00fcr klicken Sie einfach auf den # Fotos l\u00f6schen Button, um zuzustimmen. Sie k\u00f6nnen auch das ganze Album mit all seinen Bildern l\u00f6schen. Klicken Sie auf Bearbeiten rechts oben in der Ecke und dann auf X in der Ecke des Albums, das Sie entfernen m\u00f6chten.<\/p>\n<h2>Teil 2: Bilder auf dem iPad mit iTunes l\u00f6schen<\/h2>\n<p>Wenn Sie die Fotos mit iTunes synchronisiert hatten, k\u00f6nnen Sie die Synchronisierung auch nutzen, um die Bilder von Ihrem iPad zu l\u00f6schen. Die auf Ihrem Computer gespeicherten Fotos d\u00fcrfen dann nicht mehr synchronisiert werden, um sie von Ihrem iPad zu l\u00f6schen. Hier finden Sie Informationen dazu, wie das L\u00f6schen von Fotos auf dem iPad mit iTunes funktioniert.<br \/>\n<img loading=\"lazy\" decoding=\"async\" src=\"http:\/\/www.tipard.de\/blog\/wp-content\/uploads\/2017\/09\/remove-pictures-on-ipad-from-itunes.jpg\" alt=\"\" width=\"600\" height=\"373\" class=\"alignnone size-full wp-image-1107\" srcset=\"https:\/\/www.tipard.de\/blog\/wp-content\/uploads\/2017\/09\/remove-pictures-on-ipad-from-itunes.jpg 600w, https:\/\/www.tipard.de\/blog\/wp-content\/uploads\/2017\/09\/remove-pictures-on-ipad-from-itunes-300x187.jpg 300w\" sizes=\"auto, (max-width: 600px) 100vw, 600px\" \/><br \/>\n1.\tVerbinden Sie Ihr iPad \u00fcber ein USB Kabel mit Ihrem Computer. Wenn Sie synchronisierte Fotos direkt auf Ihrem iPad l\u00f6schen m\u00f6chten, ist die L\u00f6schen Option nicht verf\u00fcgbar.<br \/>\n2.\t\u00d6ffnen Sie iTunes, um Ihre Alben zu verwalten und Bilder von Ihrem iPad l\u00f6schen zu k\u00f6nnen. W\u00e4hlen Sie Ihr iPad aus dem Ger\u00e4te-Men\u00fc in iTunes.<br \/>\n3.\tKlicken Sie auf das Fotos-Feld und Sie finden eine Liste aller mit Ihrem iPad synchronisierten Alben. W\u00e4hlen Sie aus, welche Fotos auf Ihrem Computer mit Ihrem iPad synchronisiert werden sollen.<br \/>\n4.\tScrollen Sie durch die Liste der Alben und entfernen Sie die Markierung der Alben auf Ihrem iPad, die entfernt werden sollen. Wenn Sie nur einzelne Bilder l\u00f6schen m\u00f6chten, m\u00fcssen Sie diese direkt aus dem Album auf Ihrem Computer l\u00f6schen.<br \/>\n5.\tWenn Sie die Anpassung Ihrer Fotos vorgenommen haben, klicken Sie auf den Synchronisieren-Button. Nun werden von iTunes nur die markierten Alben mit Ihrem iPad synchronisiert.<\/p>\n<p>Wenn Sie Fotos von einem mit iTunes synchronisierten iPad l\u00f6schen wollen, kann dies etwas kompliziert werden. Wie Sie wissen, k\u00f6nnen Sie die einzelnen Fotos in iTunes nicht markieren, bevor Sie sie entfernen. Sie m\u00fcssen das gesamte iTunes Backup entfernen, um alle Fotos von Ihrem iPad zu l\u00f6schen.<\/p>\n<h2>Teil 3: Mit iPhone Eraser Bilder vom iPad entfernen<\/p>\n<p>Was k\u00f6nnen Sie tun, um Fotos von Ihrem iPad zu l\u00f6schen? Wenn Sie Bilder entfernen m\u00fcssen, um mehr Speicherplatz auf Ihrem iPad verf\u00fcgbar zu machen, k\u00f6nnen Sie die Fotos vorher in der iCloud speichern. Dann k\u00f6nnen Sie die Fotos einfach mit dem Tipard iPhone Eraser von Ihrem iPad l\u00f6schen. Hier erfahren Sie mehr \u00fcber die tollen Funktionen des Programms.<\/p>\n<p>1.\tTipard iPhone Eraser unterst\u00fctzt alle iOS Ger\u00e4te mit iOS 9.3 oder neueren Betriebssystemen, einschlie\u00dflich iPad, iPhone und anderen iGer\u00e4ten.<br \/>\n2.\tEntfernen Sie permanent alle Daten von Ihrem iPad. Sie k\u00f6nnen Fotos von Ihrem iPad zusammen mit anderen Daten, wie Musik, Video, Songs und SMS l\u00f6schen.<br \/>\n3.\tWenn Sie Ihr altes iPad verkaufen m\u00f6chten, k\u00f6nnen Sie alle Fotos auf dem iPad l\u00f6schen, sodass es wieder wie neu arbeitet.<br \/>\n4.\tUm Ihre Privatsph\u00e4re zu sch\u00fctzen, k\u00f6nnen alle Daten entfernt und nie wieder hergestellt werden.<br \/>\n5.\tSie k\u00f6nnen Daten von mehr als einem iPhone, iPad, iPod touch gleichzeitig l\u00f6schen. Es k\u00f6nnen verschiedene Level zum L\u00f6schen der Fotos eingestellt werden.<\/p>\n<h3>Wie man Fotos vom iPad mit iPhone Eraser l\u00f6scht<\/h3>\n<p>Um Ihre Fotos von Ihrem iPad f\u00fcr mehr Speicherplatz oder permanent zu l\u00f6schen, k\u00f6nnen Sie den Tipard iPhone Eraser nutzen. Haben Sie das Programm installiert, folgen Sie diesen einfachen Schritten, um Ihr iPad wieder schneller arbeiten zu lassen.<br \/>\n<div class=\"article-steps\"><br \/>\n<div class=\"article-step\"><div class=\"context\"><h3><span class=\"stepShield\">Schritt 1<\/span>iPhone Eraser zum Erkennen des iPads starten<\/h3><br \/>\nVerbinden Sie Ihr iPad \u00fcber ein USB Kabel mit Ihrem Computer. Das Programm erkennt Ihr iPad automatisch, sobald Sie es \u00f6ffnen.<br \/>\n<\/div><img loading=\"lazy\" decoding=\"async\" width=\"400\" height=\"254\" src=\"https:\/\/www.tipard.de\/blog\/wp-content\/uploads\/2017\/09\/connect-ipad.jpg\" class=\"preview\" alt=\"iPhone Eraser zum Erkennen des iPads starten\" srcset=\"https:\/\/www.tipard.de\/blog\/wp-content\/uploads\/2017\/09\/connect-ipad.jpg 600w, https:\/\/www.tipard.de\/blog\/wp-content\/uploads\/2017\/09\/connect-ipad-300x191.jpg 300w\" sizes=\"auto, (max-width: 400px) 100vw, 400px\" \/><\/div><br \/>\n<div class=\"article-step reverse\"><div class=\"context\"><h3><span class=\"stepShield\">Schritt 2<\/span>Entfernungslevel zum L\u00f6schen der Fotos einstellen<\/h3><br \/>\nW\u00e4hlen Sie das Level, wie die Fotos von Ihrem iPad gel\u00f6scht werden sollen. Das niedrige Level \u00fcberschreibt die Daten einmal, das medium Level zwei mal und das hohe Level drei mal.<br \/>\n<\/div><img loading=\"lazy\" decoding=\"async\" width=\"400\" height=\"254\" src=\"https:\/\/www.tipard.de\/blog\/wp-content\/uploads\/2017\/09\/select-level-1.jpg\" class=\"preview\" alt=\"Entfernungslevel zum L\u00f6schen der Fotos einstellen\" srcset=\"https:\/\/www.tipard.de\/blog\/wp-content\/uploads\/2017\/09\/select-level-1.jpg 600w, https:\/\/www.tipard.de\/blog\/wp-content\/uploads\/2017\/09\/select-level-1-300x191.jpg 300w\" sizes=\"auto, (max-width: 400px) 100vw, 400px\" \/><\/div><br \/>\n<div class=\"article-step\"><div class=\"context\"><h3><span class=\"stepShield\">Schritt 3<\/span>L\u00f6schen der Fotos vom iPad starten<\/h3><br \/>\nKlicken Sie nun auf den Start Button, um Ihre Fotos, Musik, Video und andere Dateien von Ihrem iPad zu l\u00f6schen.<br \/>\n<\/div><img loading=\"lazy\" decoding=\"async\" width=\"400\" height=\"254\" src=\"https:\/\/www.tipard.de\/blog\/wp-content\/uploads\/2017\/09\/erase-ipad.jpg\" class=\"preview\" alt=\"L\u00f6schen der Fotos vom iPad starten\" srcset=\"https:\/\/www.tipard.de\/blog\/wp-content\/uploads\/2017\/09\/erase-ipad.jpg 600w, https:\/\/www.tipard.de\/blog\/wp-content\/uploads\/2017\/09\/erase-ipad-300x191.jpg 300w\" sizes=\"auto, (max-width: 400px) 100vw, 400px\" \/><\/div><br \/>\n<\/div><\/p>\n<p>Bez\u00fcglich des Entfernungslevels ist es empfehlenswert, das niedrige Level einzustellen, wenn Sie Fotos l\u00f6schen und Ihr iPhone nur optimieren m\u00f6chten. Nat\u00fcrlich k\u00f6nnen Sie auch Apps und andere Dateien von Ihrem iPad l\u00f6schen. Sogar Songs k\u00f6nnen vom iPhone entfernt werden. Laden Sie sich einfach die Testversion des Programms herunter, um herauszufinden, ob es zu Ihnen passt.<br \/>\nWenn Sie Fotos von Ihrem iPad entfernen m\u00f6chten, k\u00f6nnen Sie diese auch einfach in der Fotos App l\u00f6schen. Sie sollten jedoch beachten, dass Apple Ihre Bilder weiterhin f\u00fcr 30 Tage in dem Album f\u00fcr gel\u00f6schte Bilder speichert, um zu verhindern, dass Sie sie doch wieder ben\u00f6tigen und nicht mehr finden. Wenn Sie sich sicher sind, dass Sie die Fotos l\u00f6schen m\u00f6chten, gehen Sie einfach auf das Album und l\u00f6schen Sie den gesamten Inhalt des Albums mit den bereits entfernten Bildern. Wurden die Fotos mit iTunes synchronisiert, m\u00fcssen Sie die Fotos stattdessen in iTunes l\u00f6schen. Um mehr Speicherplatz auf Ihrem iPad freizumachen, ist der Tipard iPhone Eraser die beste Wahl f\u00fcr Sie. Sollten Sie irgendwelche Fragen zum L\u00f6schen von iPad Fotos haben, lassen Sie es mich in den Kommentaren wissen.<br \/>\n<div class=\"product-box\">\r\n<div class=\"pImg\"><img decoding=\"async\" src=\"http:\/\/tipard.de\/blog\/wp-content\/plugins\/tipard\/imgs\/iPhoneEraser.jpg\" alt=\"iPhone Eraser\"><\/div>\r\n<div class=\"context\"><a href=\"http:\/\/www.tipard.de\/iphone-data-eraser\/\" class=\"title\">iPhone Eraser<\/a><br \/><p>Haben Sie sich ein neues iPhone SE, iPhone plus gekauft und wollen Sie die Daten von Ihrem alten iPhone l\u00f6schen um es auf eBay verkaufen zu k\u00f6nnen? Bei der einfach Wiederherstellung oder dem L\u00f6schvorgang mittels Zur\u00fccksetzen auf Werkseinstellungen k\u00f6nnen Ihre Dateien nicht komplett entfernt werden. Tipard iPhone Eraser ist die erste Wahl, wenn Sie alle Daten Ihres iPhone permanent l\u00f6schen wollen und Ihre privaten Informationen vor Diebstahl sch\u00fctzen m\u00f6chten. Diese Software zum L\u00f6schen Ihrer Daten vom iPhone entfernt nicht nur alle Daten zuverl\u00e4ssig, sondern \u00fcberschreibt auch Ihren Speicherplatz mittels eines hochsicheren Verfahrens, sodass Ihre Daten unm\u00f6glich von Unbefugten wiederhergestellt werden k\u00f6nnen.<\/p><br \/><a href=\"http:\/\/www.tipard.de\/iphone-data-eraser\/\" class=\"more\">Mehr Erfahren<\/a><\/div>\r\n<\/div><\/p>\n","protected":false},"excerpt":{"rendered":"<p>Die iPad Fotos sind mittlerweile vergleichbar mit Fotos von Digitalkameras. Mit dem iPad haben Sie sogar noch tolle Vorschaufunktionen. Wenn Sie jedoch viele Fotos auf Ihrem iPad haben, m\u00fcssen Sie wahrscheinlich immer wieder welche l\u00f6schen, um Speicherplatz freizumachen. Wenn Sie die Fotos von Ihrem iPhone\/iPad mit Ihrem Mac oder der iCloud synchronisiert haben, k\u00f6nnen Sie [&hellip;]<\/p>\n","protected":false},"author":1,"featured_media":0,"parent":0,"menu_order":0,"comment_status":"closed","ping_status":"closed","template":"","meta":{"footnotes":""},"class_list":["post-1105","page","type-page","status-publish","hentry"],"_links":{"self":[{"href":"https:\/\/www.tipard.de\/blog\/wp-json\/wp\/v2\/pages\/1105","targetHints":{"allow":["GET"]}}],"collection":[{"href":"https:\/\/www.tipard.de\/blog\/wp-json\/wp\/v2\/pages"}],"about":[{"href":"https:\/\/www.tipard.de\/blog\/wp-json\/wp\/v2\/types\/page"}],"author":[{"embeddable":true,"href":"https:\/\/www.tipard.de\/blog\/wp-json\/wp\/v2\/users\/1"}],"replies":[{"embeddable":true,"href":"https:\/\/www.tipard.de\/blog\/wp-json\/wp\/v2\/comments?post=1105"}],"version-history":[{"count":3,"href":"https:\/\/www.tipard.de\/blog\/wp-json\/wp\/v2\/pages\/1105\/revisions"}],"predecessor-version":[{"id":1111,"href":"https:\/\/www.tipard.de\/blog\/wp-json\/wp\/v2\/pages\/1105\/revisions\/1111"}],"wp:attachment":[{"href":"https:\/\/www.tipard.de\/blog\/wp-json\/wp\/v2\/media?parent=1105"}],"curies":[{"name":"wp","href":"https:\/\/api.w.org\/{rel}","templated":true}]}}