{"id":1036,"date":"2017-09-07T15:37:33","date_gmt":"2017-09-07T15:37:33","guid":{"rendered":"http:\/\/www.tipard.de\/blog\/?page_id=1036"},"modified":"2017-09-07T15:37:33","modified_gmt":"2017-09-07T15:37:33","slug":"die-besten-kostenlosen-videobearbeitungs-softwares-die-sie-im-jahr-2017-kennen-sollten","status":"publish","type":"page","link":"https:\/\/www.tipard.de\/blog\/die-besten-kostenlosen-videobearbeitungs-softwares-die-sie-im-jahr-2017-kennen-sollten\/","title":{"rendered":"Die besten kostenlosen Videobearbeitungs-Softwares, die Sie im Jahr 2017 kennen sollten"},"content":{"rendered":"<p><img loading=\"lazy\" decoding=\"async\" src=\"http:\/\/www.tipard.de\/blog\/wp-content\/uploads\/2017\/09\/free-video-editing-software.jpg\" alt=\"\" width=\"696\" height=\"338\" class=\"alignnone size-full wp-image-1038\" srcset=\"https:\/\/www.tipard.de\/blog\/wp-content\/uploads\/2017\/09\/free-video-editing-software.jpg 696w, https:\/\/www.tipard.de\/blog\/wp-content\/uploads\/2017\/09\/free-video-editing-software-300x146.jpg 300w\" sizes=\"auto, (max-width: 696px) 100vw, 696px\" \/><br \/>\nMit der Weiterentwicklung der Technologien nutzen immer mehr Menschen die M\u00f6glichkeit Videos aufzunehmen und so wichtige Momente, wie Sportereignisse, Ferien, Partys und andere Ereignisse festzuhalten. Es ist einfach Videos mit einem Smartphone und Kameras aufzunehmen. Jedoch haben diese Videos meist Probleme mit den Farben, der Aufl\u00f6sung oder Ersch\u00fctterungen. Andererseits k\u00f6nnen Effekte hinzugef\u00fcgt werden oder Wassermarken in das Video aufgenommen werden. Deswegen sind kostenlose Videobearbeitungs-Softwares nicht mehr weg zu denken. In diesem Artikel werden Ihnen verschiedene Softwares zum bearbeiten von Videos vorgestellt.<\/p>\n<h2>1. Tipard Video Enhancer<\/h2>\n<p>Wenn Sie einen einfach zu nutzenden Videobearbeiter suchen, dann ist Tipard Video Enhancer die beste Wahl unter den Videobearbeitungs-Softwares. Video Enhancer hat ein nutzerfreundliches Interface und wird von Windows und Mac unterst\u00fctzt. Lesen Sie mehr \u00fcber die wundervollen Funktionen des Programms.<br \/>\n<img loading=\"lazy\" decoding=\"async\" src=\"http:\/\/www.tipard.de\/blog\/wp-content\/uploads\/2017\/09\/tp-video-enhancer-2.jpg\" alt=\"\" width=\"600\" height=\"333\" class=\"alignnone size-full wp-image-1042\" srcset=\"https:\/\/www.tipard.de\/blog\/wp-content\/uploads\/2017\/09\/tp-video-enhancer-2.jpg 600w, https:\/\/www.tipard.de\/blog\/wp-content\/uploads\/2017\/09\/tp-video-enhancer-2-300x167.jpg 300w\" sizes=\"auto, (max-width: 600px) 100vw, 600px\" \/><br \/>\n1. Sie k\u00f6nnen das Programm kostenlos ausprobieren.<br \/>\n2. Video Enhancer bietet verschiedene Funktionen, inklusive schneiden von Videos, drehen von Videos, Farbeffekte, hinzuf\u00fcgen von Wasserzeichen und so weiter.<br \/>\n3. Die Videobearbeitungs-Software unterst\u00fctzt fas alle Videodateien und Audiodateien.<br \/>\n4. Es bietet Ihnen die Option Videos in 3D, 4K UHD Video und 1080p HD Videos konvertieren.<br \/>\n5. Sie k\u00f6nnen diese Videobearbeitungs-Software nutzen, um Videoclips zusammen zu f\u00fcgen oder auf eine exakte Zeit zu schneiden. <\/p>\n<h3>Wie man Videos mit dem Tipard Video Enhancer bearbeitet<\/h3>\n<p>Wenn Sie den Video Enhancer ausprobiert haben, dann werden Sie verstehen wie einfach zu nutzen diese Software ist. Alles was Sie tun m\u00fcssen, ist einige Klicks ausf\u00fchren. Laden Sie Tipard Video Enhancer herunter und installieren Sie die Software. Folgen Sie dann den Schritten zur Videobearbeitung.<br \/>\n<img loading=\"lazy\" decoding=\"async\" src=\"http:\/\/www.tipard.de\/blog\/wp-content\/uploads\/2017\/09\/tp-screen-3.jpg\" alt=\"\" width=\"600\" height=\"380\" class=\"alignnone size-full wp-image-1041\" srcset=\"https:\/\/www.tipard.de\/blog\/wp-content\/uploads\/2017\/09\/tp-screen-3.jpg 600w, https:\/\/www.tipard.de\/blog\/wp-content\/uploads\/2017\/09\/tp-screen-3-300x190.jpg 300w\" sizes=\"auto, (max-width: 600px) 100vw, 600px\" \/><br \/>\n1. Klicken Sie auf Datei hinzuf\u00fcgen, um das Video, welches Sie bearbeiten wollen, zu laden.<br \/>\n2. Dann klicken Sie auf den Video Enhance, um das Bearbeitungsfenster zu \u00f6ffnen.<br \/>\n3. Sie k\u00f6nnen Ihr Video mit den tollen Funktionen dieser Videobearbeitungs-Software verbessern. Zu diesen z\u00e4hlen schneiden, drehen, verbessern oder umwandeln von Videos.<br \/>\n<img loading=\"lazy\" decoding=\"async\" src=\"http:\/\/www.tipard.de\/blog\/wp-content\/uploads\/2017\/09\/tp-enhance.jpg\" alt=\"\" width=\"600\" height=\"504\" class=\"alignnone size-full wp-image-1040\" srcset=\"https:\/\/www.tipard.de\/blog\/wp-content\/uploads\/2017\/09\/tp-enhance.jpg 600w, https:\/\/www.tipard.de\/blog\/wp-content\/uploads\/2017\/09\/tp-enhance-300x252.jpg 300w\" sizes=\"auto, (max-width: 600px) 100vw, 600px\" \/><br \/>\n4. Nachdem Sie ein zufriedenstellendes Resultat erhalten haben, klicken Sie auf den Einsetzen Knopf, um das bearbeitete Video auf Ihrem Computer zu speichern.<br \/>\nAl seiner der effektivsten Videobearbeitungs-Softwares werden Sie mit dem Programm alle erw\u00fcnschten Effekte auf Ihre Videos anwenden k\u00f6nnen. Sie k\u00f6nnen die Software zus\u00e4tzlich als Audio Enhancer nutzen, um Ihre Audiodateien professionell zu verbessern. <\/p>\n<h2>2. Windows Movie Maker<\/h2>\n<p>Alles in allem sieht der Windows Movie Maker sehr einfach aus und kann sehr gut genutzt werden, um Videos auf Windows Computern zu bearbeiten. Da das Programm von Microsoft entwickelt wurde, k\u00f6nnen Windows Nutzer es kostenlos verwenden. Die Videobearbeitungs-Software f\u00fcr Windows Operationssysteme unterst\u00fctzt alle mit Windows kompatiblen Formate. Funktionen wie lineare Timecode Darstellung, Stabilisierung, schneiden von Videos, hinzuf\u00fcgen von Text und so weiter sind enthalten. Sie k\u00f6nnen die Ver\u00e4nderungen am Video jederzeit zur\u00fccksetzen. Windows Movie Maker hat die Standard Vide Editor Timeline, damit auch Beginner sich auch ohne Anleitung zurechtfinden.<br \/>\n<img loading=\"lazy\" decoding=\"async\" src=\"http:\/\/www.tipard.de\/blog\/wp-content\/uploads\/2017\/09\/windows-movie-maker.png\" alt=\"\" width=\"696\" height=\"535\" class=\"alignnone size-full wp-image-1045\" srcset=\"https:\/\/www.tipard.de\/blog\/wp-content\/uploads\/2017\/09\/windows-movie-maker.png 696w, https:\/\/www.tipard.de\/blog\/wp-content\/uploads\/2017\/09\/windows-movie-maker-300x231.png 300w\" sizes=\"auto, (max-width: 696px) 100vw, 696px\" \/> <\/p>\n<h2>3. iMovie<\/h2>\n<p>iMovie ist eine kostenlose Videobearbeitungs-Software f\u00fcr Mac Computer und wurde von Apple entwickelt. Nutzer k\u00f6nnen die Software im Mac App Store herunterladen. Als kostenlose Videobearbeitungs-Software kann iMovie Ihnen helfen Probleme in Videos zu bearbeiten und Videos zu personalisieren. Das Programm bietet Ihnen eine beeindruckende Kollektion von \u00dcberg\u00e4ngen, die Sie nutzen k\u00f6nnen, um Video Clips zu einem Film zu verbinden. iMovie unterst\u00fctzt nicht nur Mac OS, sondern auch iOS. Es verf\u00fcgt \u00fcber die Grundlagenfunktionen zur Videobearbeitung. Zus\u00e4tzlich k\u00f6nnen Sie Videodateien zwischen verschiedenen Ger\u00e4ten synchronisieren mit den Cloud Funktionen von iMovie.<br \/>\n<img loading=\"lazy\" decoding=\"async\" src=\"http:\/\/www.tipard.de\/blog\/wp-content\/uploads\/2017\/09\/imovie-1.jpg\" alt=\"\" width=\"800\" height=\"500\" class=\"alignnone size-full wp-image-1039\" srcset=\"https:\/\/www.tipard.de\/blog\/wp-content\/uploads\/2017\/09\/imovie-1.jpg 800w, https:\/\/www.tipard.de\/blog\/wp-content\/uploads\/2017\/09\/imovie-1-300x188.jpg 300w, https:\/\/www.tipard.de\/blog\/wp-content\/uploads\/2017\/09\/imovie-1-768x480.jpg 768w\" sizes=\"auto, (max-width: 800px) 100vw, 800px\" \/> <\/p>\n<h2>4. VirtualDub<\/h2>\n<p>F\u00fcr Beginner sind Windows Movie Maker und iMovie eine gute Wahl. Jedoch sind sie zu einfach, um fortgeschrittenen Nutzern das Potenzial der Videobearbeitung zu bieten. Dann sollten Sie VirtualDub als gute Alternative in Betracht ziehen, um AVI und WAV Dateien zu bearbeiten. VirtualDub ist eine Open Source Videobearbeitungs-Software, also wird nicht nur Windows unterst\u00fctzt, sondern auch Linux. VirtualDub kann seine Funktionen erweitern durch Plugins, wie Deshaker, FFInputDriver und andere. Auch wenn VirtualDub eine kostenlose Videobearbeitungs-Software, steht Sie professionellen Videobearbeitern wie Adobe Premiere in nichts nach.<br \/>\n<img loading=\"lazy\" decoding=\"async\" src=\"http:\/\/www.tipard.de\/blog\/wp-content\/uploads\/2017\/09\/virtualdub.jpg\" alt=\"\" width=\"600\" height=\"348\" class=\"alignnone size-full wp-image-1043\" srcset=\"https:\/\/www.tipard.de\/blog\/wp-content\/uploads\/2017\/09\/virtualdub.jpg 600w, https:\/\/www.tipard.de\/blog\/wp-content\/uploads\/2017\/09\/virtualdub-300x174.jpg 300w\" sizes=\"auto, (max-width: 600px) 100vw, 600px\" \/><\/p>\n<h2>5. Wax<\/h2>\n<p>Wax ist ein weiteres kostenloses Videobearbeitungs-Tool. Auch wenn Wax nicht so kompliziert ist wie gr\u00f6\u00dfere Video Editors, ist es passend f\u00fcr Beginner und Fortgeschrittene Nutzer. Diese kostenlose Videobearbeitungs-Software ist einfach zu nutzen. Die leistungsstarken Funktionen sollten die Anforderungen jedes Nutzers erf\u00fcllen und Ihre Videos verbessern. Das Layout des Interface ist \u00fcbersichtlich, um die Kontrolle \u00fcber die Videobearbeitung zu vereinfachen. Es werden sogar 2D und 3D Effekte angeboten, um Ihre Videos fantastisch zu machen. Der Video Editor erlaubt es Nutzern effektiv Videos zu bearbeiten und spezielle Effekte zu erstellen. Zus\u00e4tzlich kann es als Plugin f\u00fcr gr\u00f6\u00dfere Video Editor genutzt werden.<br \/>\n<img loading=\"lazy\" decoding=\"async\" src=\"http:\/\/www.tipard.de\/blog\/wp-content\/uploads\/2017\/09\/wax.jpg\" alt=\"\" width=\"600\" height=\"363\" class=\"alignnone size-full wp-image-1044\" srcset=\"https:\/\/www.tipard.de\/blog\/wp-content\/uploads\/2017\/09\/wax.jpg 600w, https:\/\/www.tipard.de\/blog\/wp-content\/uploads\/2017\/09\/wax-300x182.jpg 300w\" sizes=\"auto, (max-width: 600px) 100vw, 600px\" \/>  <\/p>\n<h2>6. FFMpeg<\/h2>\n<p>Wenn wir uns \u00fcber Open Source Videobearbeitungs-Softwares unterhalten, dann meinen wir meist Anwendungen wie den Windows Movie Maker. Tats\u00e4chlich nutzen viele Enthusiasten Codes, um Videobearbeitungs-Effekte zu erzielen. Und FFMpeg ist eines dieser kostenlosen Videobearbeitungs-Softwares. Es gibt kein Interface und alle Funktionen sind implementiert im Code. FFMpeg ist nicht nur kompatibel mit Windows und Mac, sondern auch mit Linux. Die Grundfunktionen dieser Videobearbeitungs-Software beinhalten schneiden, stabilisieren, anpassen und anderes. Aber es gibt einen gro\u00dfen Nachteil dieses Video Editors. Der Codec muss \u00e4hnlich sein, damit Sie Videos mit FFMpeg bearbeiten k\u00f6nnen.<br \/>\n<img loading=\"lazy\" decoding=\"async\" src=\"http:\/\/www.tipard.de\/blog\/wp-content\/uploads\/2017\/09\/ffmpeg.jpg\" alt=\"\" width=\"600\" height=\"326\" class=\"alignnone size-full wp-image-1037\" srcset=\"https:\/\/www.tipard.de\/blog\/wp-content\/uploads\/2017\/09\/ffmpeg.jpg 600w, https:\/\/www.tipard.de\/blog\/wp-content\/uploads\/2017\/09\/ffmpeg-300x163.jpg 300w\" sizes=\"auto, (max-width: 600px) 100vw, 600px\" \/> <\/p>\n<h3>Zusammenfassung<\/h3>\n<p>Basierend auf der Bewertung oben, sollten Sie feststellen, dass es viele kostenlose Videobearbeitungs-Softwares gibt, die exzellent sind. Auch wenn Sie kostenlos sind, sind die leistungsstarken Funktionen hilfreich bei der Videobearbeitung. Ganz gleich, ob Sie ein Anf\u00e4nger oder fortgeschrittener Nutzer sind, werden Sie mit diesen Softwares Ihre Videos bearbeiten, anpassen und verbessern k\u00f6nnen.<br \/>\nWenn Sie ein Anf\u00e4nger sind, dann werden iMovie oder Windows Movie Maker die beste Wahl sein. Als professioneller Nutzer k\u00f6nnen Sie VirtualDub, Wax und FFMpeg nutzen, um Videos zu bearbeiten. Tipard Video Enhancer sollte auch eine Software sein \u00fcber die Sie nachdenken sollten, wenn Sie Ihre Videos bearbeiten wollen. <\/p>\n","protected":false},"excerpt":{"rendered":"<p>Mit der Weiterentwicklung der Technologien nutzen immer mehr Menschen die M\u00f6glichkeit Videos aufzunehmen und so wichtige Momente, wie Sportereignisse, Ferien, Partys und andere Ereignisse festzuhalten. Es ist einfach Videos mit einem Smartphone und Kameras aufzunehmen. Jedoch haben diese Videos meist Probleme mit den Farben, der Aufl\u00f6sung oder Ersch\u00fctterungen. Andererseits k\u00f6nnen Effekte hinzugef\u00fcgt werden oder Wassermarken [&hellip;]<\/p>\n","protected":false},"author":1,"featured_media":0,"parent":0,"menu_order":0,"comment_status":"closed","ping_status":"closed","template":"","meta":{"footnotes":""},"class_list":["post-1036","page","type-page","status-publish","hentry"],"_links":{"self":[{"href":"https:\/\/www.tipard.de\/blog\/wp-json\/wp\/v2\/pages\/1036","targetHints":{"allow":["GET"]}}],"collection":[{"href":"https:\/\/www.tipard.de\/blog\/wp-json\/wp\/v2\/pages"}],"about":[{"href":"https:\/\/www.tipard.de\/blog\/wp-json\/wp\/v2\/types\/page"}],"author":[{"embeddable":true,"href":"https:\/\/www.tipard.de\/blog\/wp-json\/wp\/v2\/users\/1"}],"replies":[{"embeddable":true,"href":"https:\/\/www.tipard.de\/blog\/wp-json\/wp\/v2\/comments?post=1036"}],"version-history":[{"count":2,"href":"https:\/\/www.tipard.de\/blog\/wp-json\/wp\/v2\/pages\/1036\/revisions"}],"predecessor-version":[{"id":1048,"href":"https:\/\/www.tipard.de\/blog\/wp-json\/wp\/v2\/pages\/1036\/revisions\/1048"}],"wp:attachment":[{"href":"https:\/\/www.tipard.de\/blog\/wp-json\/wp\/v2\/media?parent=1036"}],"curies":[{"name":"wp","href":"https:\/\/api.w.org\/{rel}","templated":true}]}}