{"id":1016,"date":"2017-09-07T15:28:33","date_gmt":"2017-09-07T15:28:33","guid":{"rendered":"http:\/\/www.tipard.de\/blog\/?page_id=1016"},"modified":"2017-09-07T15:28:33","modified_gmt":"2017-09-07T15:28:33","slug":"3-methoden-wie-sie-ein-video-drehen-koennen","status":"publish","type":"page","link":"https:\/\/www.tipard.de\/blog\/3-methoden-wie-sie-ein-video-drehen-koennen\/","title":{"rendered":"3 Methoden wie Sie ein Video drehen k\u00f6nnen"},"content":{"rendered":"<p><img loading=\"lazy\" decoding=\"async\" src=\"http:\/\/www.tipard.de\/blog\/wp-content\/uploads\/2017\/09\/rotate-a-video.jpg\" alt=\"\" width=\"600\" height=\"338\" class=\"alignnone size-full wp-image-1018\" srcset=\"https:\/\/www.tipard.de\/blog\/wp-content\/uploads\/2017\/09\/rotate-a-video.jpg 600w, https:\/\/www.tipard.de\/blog\/wp-content\/uploads\/2017\/09\/rotate-a-video-300x169.jpg 300w\" sizes=\"auto, (max-width: 600px) 100vw, 600px\" \/><br \/>\nVideos sind visuelle Kunst. Die Art und Weise wie wir das Video aufnehmen kann das Video beeinflussen. Wir nutzen iPhones und andere Smartphones, um Videodateien aufzunehmen. Wenn Sie das aufgenommene Video auf Ihren Computer \u00fcbertragen, dann kann es vorkommen, dass das Video auf dem Kopf steht. Fast jeder Bildbrowser kann Ihnen helfen Fotos zu drehen. Jedoch ist es schwierig Videos zu drehen mit den typischen Programmen zum anschauen von Videos. Zum Beispiel ist es schwierig das Video im Windows Media Player zu drehen. Also bevor Sie das Video in den sozialen Netzwerken posten oder speichern, m\u00fcssen Sie das Video drehen. In diesem Artikel werden wir Ihnen wie Sie in einfachen Schritten das Video drehen k\u00f6nnen und welche Tools Sie am besten nutzen.<br \/>\nTeil 1: Video drehen mit Tipard Video Enhancer<br \/>\nTeil 2: Video drehen im Windows Movie Maker<br \/>\nTeil 3: Video drehen mit Avidemux GTK<\/p>\n<h2>Teil 1. Video drehen mit Tipard Video Enhancer<\/h2>\n<p>Tipard Video Enhancer ist ein professioneller Video Editor. Das Beste ist, dass Sie damit ganz einfach Videos drehen k\u00f6nnen. Sie k\u00f6nnen dieses Programm installieren und die Grundfunktionen kostenlos nutzen. Der Entwickler bietet Ihnen Versionen f\u00fcr Mac und Windows, damit Sie das Programm mit beiden Operationssystemen nutzen k\u00f6nnen. Fast alle Videoformate werden unterst\u00fctzt, wie 4K, MP4, MOV, AVI, MKV, WMV und so weiter. Und der Video Enhancer wird Ihre Videos ohne Qualit\u00e4tsverlust drehen. Video Enhancer kann nicht nur Ihre Videos drehen, sondern auch Videos in den 3D Modus umwandeln, Wasserzeichen hinzuf\u00fcgen und die Qualit\u00e4t des Videos verbessern.<br \/>\nWie Sie das Video mit Tipard Video Enhancer drehen<br \/>\nUm die Videodatei zu drehen, die Qualit\u00e4t zu verbessern oder das Video weiter zu bearbeiten, sollten Sie Tipard Video Enhancer in Betracht ziehen. Wenn Sie Video Enhancer nutzen, um Ihre Videos zu drehen, dann folgen Sie diesen Schritten.<br \/>\n<img loading=\"lazy\" decoding=\"async\" src=\"http:\/\/www.tipard.de\/blog\/wp-content\/uploads\/2017\/09\/tp-screen-2.jpg\" alt=\"\" width=\"600\" height=\"380\" class=\"alignnone size-full wp-image-1020\" srcset=\"https:\/\/www.tipard.de\/blog\/wp-content\/uploads\/2017\/09\/tp-screen-2.jpg 600w, https:\/\/www.tipard.de\/blog\/wp-content\/uploads\/2017\/09\/tp-screen-2-300x190.jpg 300w\" sizes=\"auto, (max-width: 600px) 100vw, 600px\" \/><br \/>\n1. \u00d6ffnen Sie den Video Enhancer auf Ihrem Computer und klicken Sie auf Datei hinzuf\u00fcgen, um ein Video zu importieren.<br \/>\n2. Video Enhancer wird nach der Drehung eine neue Datei erstellen. Sie k\u00f6nnen den Speicherort der neuen Datei im Interface ausw\u00e4hlen.<br \/>\n<img loading=\"lazy\" decoding=\"async\" src=\"http:\/\/www.tipard.de\/blog\/wp-content\/uploads\/2017\/09\/tp-video-enhancer-1.jpg\" alt=\"\" width=\"600\" height=\"333\" class=\"alignnone size-full wp-image-1021\" srcset=\"https:\/\/www.tipard.de\/blog\/wp-content\/uploads\/2017\/09\/tp-video-enhancer-1.jpg 600w, https:\/\/www.tipard.de\/blog\/wp-content\/uploads\/2017\/09\/tp-video-enhancer-1-300x167.jpg 300w\" sizes=\"auto, (max-width: 600px) 100vw, 600px\" \/><br \/>\n3. Gehen Sie ins Men\u00fc und klicken Sie auf Video Enhance, um zum Bearbeitungsfenster zu gelangen.<br \/>\n4. W\u00e4hlen Sie den drehen Tab im Men\u00fc. Dann werden Ihnen die Optionen zur Videodrehung angezeigt, inklusive 90 Grad Drehung im Uhrzeigersinn und gegen den Uhrzeigersinn, horizontale und vertikale Drehung.<br \/>\n<img loading=\"lazy\" decoding=\"async\" src=\"http:\/\/www.tipard.de\/blog\/wp-content\/uploads\/2017\/09\/tp-rotate-1.jpg\" alt=\"\" width=\"600\" height=\"504\" class=\"alignnone size-full wp-image-1019\" srcset=\"https:\/\/www.tipard.de\/blog\/wp-content\/uploads\/2017\/09\/tp-rotate-1.jpg 600w, https:\/\/www.tipard.de\/blog\/wp-content\/uploads\/2017\/09\/tp-rotate-1-300x252.jpg 300w\" sizes=\"auto, (max-width: 600px) 100vw, 600px\" \/><br \/>\n5. Nach der Drehung k\u00f6nnen Sie sich das Video ansehen bevor Sie es speichern.<br \/>\n6. Klicken Sie auf einsetzen, um das gedrehte Video zu speichern.<\/p>\n<h2>Teil 2. Video drehen im Windows Movie Maker<\/h2>\n<p>Windows Movie Maker wurde entwickelt von Microsoft und Windows Nutzer k\u00f6nnen dieses Programm herunterladen und installieren von der offiziellen Windwos Seite. Dort ist es sicher und kostenlos. Es handelt sich um einen profesionellen Video Editor und die neuste Version unterst\u00fctzt auch Windows 10. Dieser kostenlose Video Editor hat verschiedene Basisfunktionen, wie schneiden, verbinden von Videos, hinzuf\u00fcgen von Musik und speziellen Effekten und so. Nach der Installation der neusten Version des Windows Movie Maker auf Ihrem Computer k\u00f6nnen Sie anfangen das Video zu drehen. Erfahren Sie hier mehr Details \u00fcber diese Methode Videos zu drehen.<br \/>\n<img loading=\"lazy\" decoding=\"async\" src=\"http:\/\/www.tipard.de\/blog\/wp-content\/uploads\/2017\/09\/windows-movie-maker-1.jpg\" alt=\"\" width=\"600\" height=\"448\" class=\"alignnone size-full wp-image-1022\" srcset=\"https:\/\/www.tipard.de\/blog\/wp-content\/uploads\/2017\/09\/windows-movie-maker-1.jpg 600w, https:\/\/www.tipard.de\/blog\/wp-content\/uploads\/2017\/09\/windows-movie-maker-1-300x224.jpg 300w\" sizes=\"auto, (max-width: 600px) 100vw, 600px\" \/><br \/>\n1. Gehen Sie ins Start Men\u00fc, finden Sie den Windows Movie Maker und \u00f6ffnen Sie diesen.<br \/>\n2. Klicken Sie auf Video im Men\u00fc unter importieren, um ein Video zum drehen hochzuladen. Alle unterst\u00fctzten Videoformate werden im Fenster erscheinen.<br \/>\n3. Select the video to rotate, drag and drop it into the timeline.<br \/>\n4. Machen Sie einen Rechtsklick auf das Video in der Timeline und w\u00e4hlen Sie die Effekte aus, um Effekte zu aktivieren oder zu entfernen. Klicken Sie auf die verf\u00fcgbaren Effekte und im Men\u00fc werden Ihnen drei Optionen angezeigt, inklusive 90 Grad drehen, 180 Grad drehen und 270 Grad drehen. Sie k\u00f6nnen die Option ausw\u00e4hlen und dann auf hinzuf\u00fcgen klicken, um das Video zu drehen.<br \/>\n5. Dann sehen Sie das Resultat in einem Fenster. Wenn Sie damit zufrieden sind, dann klicken Sie auf OK.<br \/>\n6. Gehen Sie zur\u00fcck ins Men\u00fc und w\u00e4hlen Sie Film ver\u00f6ffentlichen aus, um das gedrehte Video zu speichern. <\/p>\n<h2>Teil 3. Video drehen mit Avidemux GTK<\/h2>\n<p>Avidemux GTK ist eine andere einfach zu nutzende Software. Es ist kostenlos und kann Ihnen helfen Videos zu drehen und beh\u00e4lt die originale Qualit\u00e4t bei. Der Video Editor unterst\u00fctzt verschiedene Operationssysteme, wie Windows, Mac, Linux und BSD. Hier sind die detaillierten Schritte wie Sie das Video drehen k\u00f6nnen.<br \/>\n<img loading=\"lazy\" decoding=\"async\" src=\"http:\/\/www.tipard.de\/blog\/wp-content\/uploads\/2017\/09\/avidemux.jpg\" alt=\"\" width=\"600\" height=\"464\" class=\"alignnone size-full wp-image-1017\" srcset=\"https:\/\/www.tipard.de\/blog\/wp-content\/uploads\/2017\/09\/avidemux.jpg 600w, https:\/\/www.tipard.de\/blog\/wp-content\/uploads\/2017\/09\/avidemux-300x232.jpg 300w\" sizes=\"auto, (max-width: 600px) 100vw, 600px\" \/><br \/>\n1. Starten Sie die Anwendung auf Ihrem Computer und klicken Sie auf Datei \u00f6ffnen oben, um das Video zu laden, welches Sie drehen wollen.<br \/>\n2. W\u00e4hlen Sie eine Video Ausgabedatei und dann klicken Sie auf Filter im linken Men\u00fc oben, um den das Video Filter Manager Fenster zu \u00f6ffnen.<br \/>\n3. Klicken Sie auf das umwandeln Men\u00fc und suchen Sie die Option das Video zu drehen.<br \/>\n4. Klicken Sie auf den Knopf mit dem gr\u00fcnen Plus und die Einstellungen zum drehen werden erscheinen. Sie k\u00f6nnen den grad ausw\u00e4hlen bis zu dem Sie drehen wollen in Drop-Down Men\u00fc. Bedenken Sie, dass sich das Video im Uhrzeigersinn drehen wird.<br \/>\n5. Danach klicken Sie auf OK, um die Drehung zu best\u00e4tigen.<br \/>\n6. Dann erhalten Sie eine Vorschau auf das Resultat.<br \/>\n7. Wenn das Ergebnis perfekt ist, dann k\u00f6nnen Sie auf speichern klicken, um das Video auf Ihrem Computer zu speichern. Selbst wenn das Ergebnis nicht perfekt ist, m\u00fcssen Sie sich keine Sorgen machen, da der Video Rotator das Originalvideo nicht \u00e4ndern wird. <\/p>\n<h3>Zusammenfassung<\/h3>\n<p>Es gibt viele professionelle Video Rotators, die Ihnen helfen k\u00f6nnen das Video zu drehen. Wie Sie sehen k\u00f6nnen m\u00fcssen Sie daf\u00fcr nur ein paar Klicks machen. Sie k\u00f6nnen ein Tool ausw\u00e4hlen, um Ihr Video zu drehen. Wenn Sie eine ultimative L\u00f6sung ben\u00f6tigen, um das Video zu drehen oder zu stabilisieren, dann sollten Sie den Tipard Video Enhancer nutzen. Der Video Enhancer unterst\u00fctzt die meisten Videoformate und bietet Ihnen verschiedene leistungsstarke Funktionen.<\/p>\n","protected":false},"excerpt":{"rendered":"<p>Videos sind visuelle Kunst. Die Art und Weise wie wir das Video aufnehmen kann das Video beeinflussen. Wir nutzen iPhones und andere Smartphones, um Videodateien aufzunehmen. Wenn Sie das aufgenommene Video auf Ihren Computer \u00fcbertragen, dann kann es vorkommen, dass das Video auf dem Kopf steht. Fast jeder Bildbrowser kann Ihnen helfen Fotos zu drehen. [&hellip;]<\/p>\n","protected":false},"author":1,"featured_media":0,"parent":0,"menu_order":0,"comment_status":"closed","ping_status":"closed","template":"","meta":{"footnotes":""},"class_list":["post-1016","page","type-page","status-publish","hentry"],"_links":{"self":[{"href":"https:\/\/www.tipard.de\/blog\/wp-json\/wp\/v2\/pages\/1016","targetHints":{"allow":["GET"]}}],"collection":[{"href":"https:\/\/www.tipard.de\/blog\/wp-json\/wp\/v2\/pages"}],"about":[{"href":"https:\/\/www.tipard.de\/blog\/wp-json\/wp\/v2\/types\/page"}],"author":[{"embeddable":true,"href":"https:\/\/www.tipard.de\/blog\/wp-json\/wp\/v2\/users\/1"}],"replies":[{"embeddable":true,"href":"https:\/\/www.tipard.de\/blog\/wp-json\/wp\/v2\/comments?post=1016"}],"version-history":[{"count":3,"href":"https:\/\/www.tipard.de\/blog\/wp-json\/wp\/v2\/pages\/1016\/revisions"}],"predecessor-version":[{"id":1025,"href":"https:\/\/www.tipard.de\/blog\/wp-json\/wp\/v2\/pages\/1016\/revisions\/1025"}],"wp:attachment":[{"href":"https:\/\/www.tipard.de\/blog\/wp-json\/wp\/v2\/media?parent=1016"}],"curies":[{"name":"wp","href":"https:\/\/api.w.org\/{rel}","templated":true}]}}