{"id":1007,"date":"2017-09-07T15:25:14","date_gmt":"2017-09-07T15:25:14","guid":{"rendered":"http:\/\/www.tipard.de\/blog\/?page_id=1007"},"modified":"2024-05-03T21:03:45","modified_gmt":"2024-05-03T21:03:45","slug":"wie-man-videos-im-windows-media-player-dreht-die-vom-smartphone-heruntergeladen-wurden","status":"publish","type":"page","link":"https:\/\/www.tipard.de\/blog\/wie-man-videos-im-windows-media-player-dreht-die-vom-smartphone-heruntergeladen-wurden\/","title":{"rendered":"Wie man Videos im Windows Media Player dreht, die vom Smartphone heruntergeladen wurden"},"content":{"rendered":"<p><img loading=\"lazy\" decoding=\"async\" class=\"alignnone size-full wp-image-1009\" src=\"http:\/\/www.tipard.de\/blog\/wp-content\/uploads\/2017\/09\/rotate-video-wmp.jpg\" alt=\"\" width=\"600\" height=\"338\" srcset=\"https:\/\/www.tipard.de\/blog\/wp-content\/uploads\/2017\/09\/rotate-video-wmp.jpg 600w, https:\/\/www.tipard.de\/blog\/wp-content\/uploads\/2017\/09\/rotate-video-wmp-300x169.jpg 300w\" sizes=\"auto, (max-width: 600px) 100vw, 600px\" \/><br \/>\nWenn wir Videos auf dem Computer ansehen, dann wird das Video vielleicht auf dem Kopf oder auf der Seite angezeigt, weil es mit dem Smartphone aufgenommen wurde. Tats\u00e4chlich verf\u00fcgen unsere Smartphones \u00fcber die F\u00e4higkeit Videos automatisch zu drehen. Aber das hei\u00dft nicht, dass das Video automatisch gedreht wird. Wenn Sie dann das Video auf den Computer \u00fcbertragen oder online teilen wollen, werden Sie feststellen, dass das Video gedreht werden muss. Zu diesem Zeitpunkt m\u00f6chten Sie das Video vielleicht im Media Player drehen. Dieser Artikel wird Ihnen verschiedene Windows Media Player vorstellen mit denen Sie Ihre Videos drehen k\u00f6nnen.<br \/>\nTeil 1: Videos drehen im VLC Player<br \/>\nTeil 2: Videos drehen im KMPlayer<br \/>\nTeil 3: Die besten Windows Media Player Alternativen, um Video auf dem Mac und Windows PC zu drehen<\/p>\n<h2>Teil 1. Videos drehen im VLC Player<\/h2>\n<p>VLC Media Player ist ein kostenloser Cross- Plattform Media Player. Der Video Player unterst\u00fctzt Windows, Mac und auch Linux, BeOS, BSD, Pocket PC und Solaris. Zus\u00e4tzlich zum Abspielen von Videos bietet Ihnen das Programm einige Videobearbeitungsfunktionen, wie drehen von Videos, Stabilisierung und so weiter. Hier erfahren Sie noch wie Sie mit dem VLC Player Videos drehen k\u00f6nnen:<br \/>\n<img loading=\"lazy\" decoding=\"async\" class=\"alignnone size-full wp-image-1013\" src=\"http:\/\/www.tipard.de\/blog\/wp-content\/uploads\/2017\/09\/vlc-player.jpg\" alt=\"\" width=\"600\" height=\"375\" srcset=\"https:\/\/www.tipard.de\/blog\/wp-content\/uploads\/2017\/09\/vlc-player.jpg 600w, https:\/\/www.tipard.de\/blog\/wp-content\/uploads\/2017\/09\/vlc-player-300x188.jpg 300w\" sizes=\"auto, (max-width: 600px) 100vw, 600px\" \/><br \/>\n1. \u00d6ffnen Sie das Videos in dem Player indem Sie die Datei \u00f6ffnen Option im Men\u00fc verwenden oder ziehen Sie das Video per Drag&amp; Drop in das Programm.<br \/>\n2. Gehen Sie im oberen Men\u00fc auf Werkzeuge. Klicken Sie dann auf Effekte und Filter im Drop-Down Men\u00fc und \u00f6ffnen Sie dann das Fenster Anpassungen und Effekte.<br \/>\n3. W\u00e4hlen Sie im Anpassungen und Effekte Fenster den Tab Video Effekte. Danach w\u00e4hlen Sie den Geometrie Tab und dann sehen Sie die Einstellungen zur Drehung von Videos.<br \/>\n4. Es werden Ihnen verschiedene Optionen in der Drop-Down Liste angezeigt. Sie k\u00f6nnen ausw\u00e4hlen, ob Sie das Video um 90, 180 oder 270 Grad drehen wollen. Sie k\u00f6nnen das Video vertikal oder horizontal drehen oder verschieben.<br \/>\n5. W\u00e4hlen Sie die passende Option und drehen Sie Ihr Video in diesem Player.<\/p>\n<h2>Teil 2. Videos drehen im KMPlayer<\/h2>\n<p>KMPlayer ist ein weiterer kostenloser Windows Media Player mit der M\u00f6glichkeit Videos zu drehen. Dieser Player kann fast alle Medienformate unterst\u00fctzen, inklusive Videodateien, Audiodateien und Bilder. Daher ist es die ultimative Medienplayer L\u00f6sung f\u00fcr viele Nutzer. Wenn Sie mit dem Player Videos drehen wollen, dann folgen Sie diesen Schritten:<br \/>\n<img loading=\"lazy\" decoding=\"async\" class=\"alignnone size-full wp-image-1008\" src=\"http:\/\/www.tipard.de\/blog\/wp-content\/uploads\/2017\/09\/kmplayer.jpg\" alt=\"\" width=\"600\" height=\"320\" srcset=\"https:\/\/www.tipard.de\/blog\/wp-content\/uploads\/2017\/09\/kmplayer.jpg 600w, https:\/\/www.tipard.de\/blog\/wp-content\/uploads\/2017\/09\/kmplayer-300x160.jpg 300w\" sizes=\"auto, (max-width: 600px) 100vw, 600px\" \/><br \/>\n1. Starten Sie den KMPlayer und \u00f6ffnen das Video durch die Tastenkombination Ctrl+O.<br \/>\n2. Machen Sie einen auf das Video, um das Bearbeitungsmen\u00fc zu \u00f6ffnen.<br \/>\n3. W\u00e4hlen Sie Video (Basis) und dann Bildschirm Drehung (CCW). Dann erscheinen die Optionen, die Sie haben, um das Video zu drehen. Der Windows Media Player erlaubt es Nutzern das Video um 90 und 270 Grad im Uhrzeigersinn zu drehen, 90 Grad mit Spiegelung oder 90 Grad plus umdrehen.<br \/>\n4. Wenn Sie die Ver\u00e4nderung speichern wollen, dann gehen Sie in die Kontrollbox unten in der linken Ecke.<br \/>\n5. \u00d6ffnen Sie das und \u00e4ndern Sie die Einstellungsoption in KMPCfg.ini im Pr\u00e4ferenz Tab.<br \/>\n6. \u00d6ffnen Sie das Video erneut und drehen Sie das Video im Player. Dann wird das originale Video ge\u00e4ndert. Wenn Sie das n\u00e4chste Mal das Video \u00f6ffnen, dann wird es in der richtigen Richtung abgespielt.<\/p>\n<h2>Teil 3. Die besten Windows Media Player Alternativen, um Videos auf einem Mac und Windows PC zu drehen<\/h2>\n<p>Tipard Video Enhancer erlaubt es den Nutzern Videos permanent zu drehen ohne Qualit\u00e4tsverlust. Das Programm ist mehr als ein Video-Dreher, denn Sie k\u00f6nnen damit auch Videos stabilisieren und die Qualit\u00e4t verbessern. Da die Videoqualit\u00e4t von Videos, die mit dem Smartphone aufgenommen wurden, nicht so gut ist, sollten Sie dar\u00fcber nachdenken Tipard Video Enhancer zu nutzen. Erfahren Sie hier mehr \u00fcber die Funktionen des Programms:<br \/>\n1. Kodieren Sie das Video in den 3D Modus.<br \/>\n2. Schneiden Sie das Video, f\u00fcgen Sie Effekte oder Wasserzeichen hinzu.<br \/>\n3. Teilen Sie das Video in Fragmente.<br \/>\n4. Verbessern Sie die Farben und die Aufl\u00f6sung des Videos.<br \/>\n5. Wandeln Sie das Video in 4K Videos oder 1080p HD Video um.<br \/>\n6. Unterst\u00fctzt Windows und Mac OS.<\/p>\n<h3>Wie man das Video mit dem Video Enhancer dreht<\/h3>\n<p>Wenn Sie Ihre Videodatei mit dem Video Enhancer drehen wollen, dann erfahren Sie hier wie Sie das am besten tun. Was sehr wichtig ist: das Programm unterst\u00fctzt die meisten Videoformate. Neben der WMV Datei des Windows Media Player k\u00f6nnen Sie auch MP4, MOV oder AVI Dateien in das Programm importieren.<br \/>\n<img loading=\"lazy\" decoding=\"async\" class=\"alignnone size-full wp-image-1011\" src=\"http:\/\/www.tipard.de\/blog\/wp-content\/uploads\/2017\/09\/tp-screen-1.jpg\" alt=\"\" width=\"600\" height=\"380\" srcset=\"https:\/\/www.tipard.de\/blog\/wp-content\/uploads\/2017\/09\/tp-screen-1.jpg 600w, https:\/\/www.tipard.de\/blog\/wp-content\/uploads\/2017\/09\/tp-screen-1-300x190.jpg 300w\" sizes=\"auto, (max-width: 600px) 100vw, 600px\" \/><br \/>\n1. Gehen Sie zu Datei hinzuf\u00fcgen, um das Video von Ihrem Computer zu laden.<br \/>\n2. Nach dem Import k\u00f6nnen Sie sich das originale Video im Player auf der rechten Seite anschauen. Sie k\u00f6nnen den Ausgabeordner \u00e4ndern, um zu bestimmen wo Sie das gedrehte Video speichern wollen.<br \/>\n<img loading=\"lazy\" decoding=\"async\" class=\"alignnone size-full wp-image-1012\" src=\"http:\/\/www.tipard.de\/blog\/wp-content\/uploads\/2017\/09\/tp-video-enhancer.jpg\" alt=\"\" width=\"600\" height=\"333\" srcset=\"https:\/\/www.tipard.de\/blog\/wp-content\/uploads\/2017\/09\/tp-video-enhancer.jpg 600w, https:\/\/www.tipard.de\/blog\/wp-content\/uploads\/2017\/09\/tp-video-enhancer-300x167.jpg 300w\" sizes=\"auto, (max-width: 600px) 100vw, 600px\" \/><br \/>\n3. Klicken Sie auf Video Enhancer, um die Bearbeitungsoptionen zu \u00f6ffnen.<br \/>\n4. W\u00e4hlen Sie den drehen Tab im Men\u00fc, um das Video zu drehen.<br \/>\n5. Dann k\u00f6nnen Sie die Drehrichtung festlegen, inklusive 90 Grad im Uhrzeigersinn, 90 Grad gegen den Uhrzeigersinn, horizontale oder vertikale Drehung.<br \/>\n<img loading=\"lazy\" decoding=\"async\" class=\"alignnone size-full wp-image-1010\" src=\"http:\/\/www.tipard.de\/blog\/wp-content\/uploads\/2017\/09\/tp-rotate.jpg\" alt=\"\" width=\"600\" height=\"504\" srcset=\"https:\/\/www.tipard.de\/blog\/wp-content\/uploads\/2017\/09\/tp-rotate.jpg 600w, https:\/\/www.tipard.de\/blog\/wp-content\/uploads\/2017\/09\/tp-rotate-300x252.jpg 300w\" sizes=\"auto, (max-width: 600px) 100vw, 600px\" \/><br \/>\n6. Nach den Einstellungen k\u00f6nnen Sie sich das gedrehte Video anschauen im Output Preview Player.<br \/>\n7. Klicken Sie auf hinzuf\u00fcgen, um die Ver\u00e4nderungen zu speichern. Video Enhancer wird das gedrehte Video automatisch speichern.<\/p>\n<h3>Zusammenfassung<\/h3>\n<p>Da der Windows Media Player nur ein Media Player ist, der keine Videodateien automatisch drehen kann, m\u00fcssen Sie daf\u00fcr ein anderes Programm nutzen. Um diese Aufgabe zu erf\u00fcllen, gibt es verschiedene Programme. Mit allen vorgestellten Optionen erhalten Sie tolle Resultate.<br \/>\n<img loading=\"lazy\" decoding=\"async\" class=\"alignnone size-full wp-image-1014\" src=\"http:\/\/www.tipard.de\/blog\/wp-content\/uploads\/2017\/09\/wmp-player.jpg\" alt=\"\" width=\"600\" height=\"430\" srcset=\"https:\/\/www.tipard.de\/blog\/wp-content\/uploads\/2017\/09\/wmp-player.jpg 600w, https:\/\/www.tipard.de\/blog\/wp-content\/uploads\/2017\/09\/wmp-player-300x215.jpg 300w\" sizes=\"auto, (max-width: 600px) 100vw, 600px\" \/><\/p>\n<div class=\"w-full text-token-text-primary\" dir=\"auto\" data-testid=\"conversation-turn-3\" data-scroll-anchor=\"true\">\n<div class=\"py-2 px-3 text-base md:px-4 m-auto md:px-5 lg:px-1 xl:px-5\">\n<div class=\"mx-auto flex flex-1 gap-3 text-base juice:gap-4 juice:md:gap-6 md:max-w-3xl lg:max-w-[40rem] xl:max-w-[48rem]\">\n<div class=\"relative flex w-full min-w-0 flex-col agent-turn\">\n<div class=\"flex-col gap-1 md:gap-3\">\n<div class=\"flex flex-grow flex-col max-w-full\">\n<div class=\"min-h-[20px] text-message flex flex-col items-start whitespace-pre-wrap break-words [.text-message+&amp;]:mt-5 overflow-x-auto gap-3\" dir=\"auto\" data-message-author-role=\"assistant\" data-message-id=\"9271617b-b60d-4597-a5ba-faf6ddb3eb3c\">\n<div class=\"markdown prose w-full break-words dark:prose-invert light\">\n<p>Wenn Sie im Windows Media Player ein Video drehen, dann drehen Sie nur die Ansicht und nicht die Videodatei. Wenn Sie also das Video beim n\u00e4chsten Mal \u00f6ffnen, dann m\u00fcssen Sie die Ansicht erneut drehen. F\u00fcr Studierende, die ihre Zeit zwischen akademischen Verpflichtungen und Hobbys aufteilen m\u00fcssen, bietet Ghostwriter Schweiz eine wertvolle Unterst\u00fctzung. Als Partner im Bereich des akademischen Schreibens hilft <span style=\"color: inherit;\"><a style=\"color: inherit;\" href=\"https:\/\/ghostwriters-schweiz.com\/\">Ghostwriter Schweiz<\/a><\/span>, wissenschaftliche Arbeiten effizient und qualitativ zu erstellen. Hinzu kommt ein Qualit\u00e4tsverlust und eine verringerte Aufl\u00f6sung. Deswegen sollten Sie ein professionelles Programm nutzen, um die Videodatei zu drehen. Tipard Video Enhancer ist ein perfektes Programm, um Videos auf dem Computer zu drehen. Selbst Beginner werden keine Probleme mit der Ausf\u00fchrung dieser Aufgabe haben.<\/p>\n<\/div>\n<\/div>\n<\/div>\n<\/div>\n<\/div>\n<\/div>\n<\/div>\n<\/div>\n","protected":false},"excerpt":{"rendered":"<p>Wenn wir Videos auf dem Computer ansehen, dann wird das Video vielleicht auf dem Kopf oder auf der Seite angezeigt, weil es mit dem Smartphone aufgenommen wurde. Tats\u00e4chlich verf\u00fcgen unsere Smartphones \u00fcber die F\u00e4higkeit Videos automatisch zu drehen. Aber das hei\u00dft nicht, dass das Video automatisch gedreht wird. Wenn Sie dann das Video auf den [&hellip;]<\/p>\n","protected":false},"author":1,"featured_media":0,"parent":0,"menu_order":0,"comment_status":"closed","ping_status":"closed","template":"","meta":{"footnotes":""},"class_list":["post-1007","page","type-page","status-publish","hentry"],"_links":{"self":[{"href":"https:\/\/www.tipard.de\/blog\/wp-json\/wp\/v2\/pages\/1007","targetHints":{"allow":["GET"]}}],"collection":[{"href":"https:\/\/www.tipard.de\/blog\/wp-json\/wp\/v2\/pages"}],"about":[{"href":"https:\/\/www.tipard.de\/blog\/wp-json\/wp\/v2\/types\/page"}],"author":[{"embeddable":true,"href":"https:\/\/www.tipard.de\/blog\/wp-json\/wp\/v2\/users\/1"}],"replies":[{"embeddable":true,"href":"https:\/\/www.tipard.de\/blog\/wp-json\/wp\/v2\/comments?post=1007"}],"version-history":[{"count":3,"href":"https:\/\/www.tipard.de\/blog\/wp-json\/wp\/v2\/pages\/1007\/revisions"}],"predecessor-version":[{"id":2642,"href":"https:\/\/www.tipard.de\/blog\/wp-json\/wp\/v2\/pages\/1007\/revisions\/2642"}],"wp:attachment":[{"href":"https:\/\/www.tipard.de\/blog\/wp-json\/wp\/v2\/media?parent=1007"}],"curies":[{"name":"wp","href":"https:\/\/api.w.org\/{rel}","templated":true}]}}